{"id":2200,"date":"2023-12-11T11:03:54","date_gmt":"2023-12-11T11:03:54","guid":{"rendered":"https:\/\/club-hotelier-maconnais.fr\/the-residence-hotels\/"},"modified":"2024-02-05T05:25:05","modified_gmt":"2024-02-05T05:25:05","slug":"the-residence-hotels","status":"publish","type":"page","link":"https:\/\/club-hotelier-maconnais.fr\/en\/the-residence-hotels\/","title":{"rendered":"Our Members"},"content":{"rendered":"\t\t<div data-elementor-type=\"wp-page\" data-elementor-id=\"2200\" class=\"elementor elementor-2200 elementor-722\" data-elementor-post-type=\"page\">\n\t\t\t\t\t\t\t<div class=\"elementor-element elementor-element-8376813 e-con-full e-flex e-con e-parent\" data-id=\"8376813\" data-element_type=\"container\" data-settings=\"{&quot;content_width&quot;:&quot;full&quot;}\" data-core-v316-plus=\"true\">\n\t\t\t\t<div class=\"elementor-element elementor-element-3b505a5 elementor-widget elementor-widget-shortcode\" data-id=\"3b505a5\" data-element_type=\"widget\" data-widget_type=\"shortcode.default\">\n\t\t\t\t<div class=\"elementor-widget-container\">\n\t\t\t\t\t<div class=\"elementor-shortcode\"><\/div>\n\t\t\t\t<\/div>\n\t\t\t\t<\/div>\n\t\t\t\t<\/div>\n\t\t\t\t\t\t\t<\/div>\n\t\t","protected":false},"excerpt":{"rendered":"","protected":false},"author":2,"featured_media":2144,"parent":0,"menu_order":0,"comment_status":"closed","ping_status":"closed","template":"templates\/homepage-1.php","meta":{"footnotes":""},"class_list":["post-2200","page","type-page","status-publish","has-post-thumbnail","hentry"],"acf":[],"yoast_head":"<!-- This site is optimized with the Yoast SEO plugin v21.9.1 - https:\/\/yoast.com\/wordpress\/plugins\/seo\/ -->\n<title>Our Members - Le Club H\u00f4telier M\u00e2connais<\/title>\n<meta name=\"robots\" content=\"index, follow, max-snippet:-1, max-image-preview:large, max-video-preview:-1\" \/>\n<link rel=\"canonical\" href=\"https:\/\/club-hotelier-maconnais.fr\/en\/the-residence-hotels\/\" \/>\n<meta property=\"og:locale\" content=\"en_US\" \/>\n<meta property=\"og:type\" content=\"article\" \/>\n<meta property=\"og:title\" content=\"Our Members - Le Club H\u00f4telier M\u00e2connais\" \/>\n<meta property=\"og:url\" content=\"https:\/\/club-hotelier-maconnais.fr\/en\/the-residence-hotels\/\" \/>\n<meta property=\"og:site_name\" content=\"Le Club H\u00f4telier M\u00e2connais\" \/>\n<meta property=\"article:modified_time\" content=\"2024-02-05T05:25:05+00:00\" \/>\n<meta property=\"og:image\" content=\"https:\/\/club-hotelier-maconnais.fr\/wp-content\/uploads\/2024\/01\/La-roche-Solutre-1.jpg\" \/>\n\t<meta property=\"og:image:width\" content=\"1920\" \/>\n\t<meta property=\"og:image:height\" content=\"1080\" \/>\n\t<meta property=\"og:image:type\" content=\"image\/jpeg\" \/>\n<meta name=\"twitter:card\" content=\"summary_large_image\" \/>\n<meta name=\"twitter:label1\" content=\"Est. reading time\" \/>\n\t<meta name=\"twitter:data1\" content=\"1 minute\" \/>\n<script type=\"application\/ld+json\" class=\"yoast-schema-graph\">{\"@context\":\"https:\/\/schema.org\",\"@graph\":[{\"@type\":\"WebPage\",\"@id\":\"https:\/\/club-hotelier-maconnais.fr\/en\/the-residence-hotels\/\",\"url\":\"https:\/\/club-hotelier-maconnais.fr\/en\/the-residence-hotels\/\",\"name\":\"Our Members - Le Club H\u00f4telier M\u00e2connais\",\"isPartOf\":{\"@id\":\"https:\/\/club-hotelier-maconnais.fr\/#website\"},\"datePublished\":\"2023-12-11T11:03:54+00:00\",\"dateModified\":\"2024-02-05T05:25:05+00:00\",\"breadcrumb\":{\"@id\":\"https:\/\/club-hotelier-maconnais.fr\/en\/the-residence-hotels\/#breadcrumb\"},\"inLanguage\":\"en-US\",\"potentialAction\":[{\"@type\":\"ReadAction\",\"target\":[\"https:\/\/club-hotelier-maconnais.fr\/en\/the-residence-hotels\/\"]}]},{\"@type\":\"BreadcrumbList\",\"@id\":\"https:\/\/club-hotelier-maconnais.fr\/en\/the-residence-hotels\/#breadcrumb\",\"itemListElement\":[{\"@type\":\"ListItem\",\"position\":1,\"name\":\"Accueil\",\"item\":\"https:\/\/club-hotelier-maconnais.fr\/en\/club-hotelier-maconnais\/\"},{\"@type\":\"ListItem\",\"position\":2,\"name\":\"Our Members\"}]},{\"@type\":\"WebSite\",\"@id\":\"https:\/\/club-hotelier-maconnais.fr\/#website\",\"url\":\"https:\/\/club-hotelier-maconnais.fr\/\",\"name\":\"Le Club H\u00f4telier M\u00e2connais\",\"description\":\"Club H\u00f4telier M\u00e2connais incarne l\u2019esprit de l\u2019hospitalit\u00e9 et de l\u2019innovation\",\"publisher\":{\"@id\":\"https:\/\/club-hotelier-maconnais.fr\/#organization\"},\"potentialAction\":[{\"@type\":\"SearchAction\",\"target\":{\"@type\":\"EntryPoint\",\"urlTemplate\":\"https:\/\/club-hotelier-maconnais.fr\/?s={search_term_string}\"},\"query-input\":\"required name=search_term_string\"}],\"inLanguage\":\"en-US\"},{\"@type\":\"Organization\",\"@id\":\"https:\/\/club-hotelier-maconnais.fr\/#organization\",\"name\":\"Le Club H\u00f4telier M\u00e2connais\",\"url\":\"https:\/\/club-hotelier-maconnais.fr\/\",\"logo\":{\"@type\":\"ImageObject\",\"inLanguage\":\"en-US\",\"@id\":\"https:\/\/club-hotelier-maconnais.fr\/#\/schema\/logo\/image\/\",\"url\":\"https:\/\/club-hotelier-maconnais.fr\/wp-content\/uploads\/2024\/01\/Logo-Club-Hotelier-Maconnais.jpg\",\"contentUrl\":\"https:\/\/club-hotelier-maconnais.fr\/wp-content\/uploads\/2024\/01\/Logo-Club-Hotelier-Maconnais.jpg\",\"width\":400,\"height\":400,\"caption\":\"Le Club H\u00f4telier M\u00e2connais\"},\"image\":{\"@id\":\"https:\/\/club-hotelier-maconnais.fr\/#\/schema\/logo\/image\/\"}}]}<\/script>\n<!-- \/ Yoast SEO plugin. -->","yoast_head_json":{"title":"Our Members - Le Club H\u00f4telier M\u00e2connais","robots":{"index":"index","follow":"follow","max-snippet":"max-snippet:-1","max-image-preview":"max-image-preview:large","max-video-preview":"max-video-preview:-1"},"canonical":"https:\/\/club-hotelier-maconnais.fr\/en\/the-residence-hotels\/","og_locale":"en_US","og_type":"article","og_title":"Our Members - Le Club H\u00f4telier M\u00e2connais","og_url":"https:\/\/club-hotelier-maconnais.fr\/en\/the-residence-hotels\/","og_site_name":"Le Club H\u00f4telier M\u00e2connais","article_modified_time":"2024-02-05T05:25:05+00:00","og_image":[{"width":1920,"height":1080,"url":"https:\/\/club-hotelier-maconnais.fr\/wp-content\/uploads\/2024\/01\/La-roche-Solutre-1.jpg","type":"image\/jpeg"}],"twitter_card":"summary_large_image","twitter_misc":{"Est. reading time":"1 minute"},"schema":{"@context":"https:\/\/schema.org","@graph":[{"@type":"WebPage","@id":"https:\/\/club-hotelier-maconnais.fr\/en\/the-residence-hotels\/","url":"https:\/\/club-hotelier-maconnais.fr\/en\/the-residence-hotels\/","name":"Our Members - Le Club H\u00f4telier M\u00e2connais","isPartOf":{"@id":"https:\/\/club-hotelier-maconnais.fr\/#website"},"datePublished":"2023-12-11T11:03:54+00:00","dateModified":"2024-02-05T05:25:05+00:00","breadcrumb":{"@id":"https:\/\/club-hotelier-maconnais.fr\/en\/the-residence-hotels\/#breadcrumb"},"inLanguage":"en-US","potentialAction":[{"@type":"ReadAction","target":["https:\/\/club-hotelier-maconnais.fr\/en\/the-residence-hotels\/"]}]},{"@type":"BreadcrumbList","@id":"https:\/\/club-hotelier-maconnais.fr\/en\/the-residence-hotels\/#breadcrumb","itemListElement":[{"@type":"ListItem","position":1,"name":"Accueil","item":"https:\/\/club-hotelier-maconnais.fr\/en\/club-hotelier-maconnais\/"},{"@type":"ListItem","position":2,"name":"Our Members"}]},{"@type":"WebSite","@id":"https:\/\/club-hotelier-maconnais.fr\/#website","url":"https:\/\/club-hotelier-maconnais.fr\/","name":"Le Club H\u00f4telier M\u00e2connais","description":"Club H\u00f4telier M\u00e2connais incarne l\u2019esprit de l\u2019hospitalit\u00e9 et de l\u2019innovation","publisher":{"@id":"https:\/\/club-hotelier-maconnais.fr\/#organization"},"potentialAction":[{"@type":"SearchAction","target":{"@type":"EntryPoint","urlTemplate":"https:\/\/club-hotelier-maconnais.fr\/?s={search_term_string}"},"query-input":"required name=search_term_string"}],"inLanguage":"en-US"},{"@type":"Organization","@id":"https:\/\/club-hotelier-maconnais.fr\/#organization","name":"Le Club H\u00f4telier M\u00e2connais","url":"https:\/\/club-hotelier-maconnais.fr\/","logo":{"@type":"ImageObject","inLanguage":"en-US","@id":"https:\/\/club-hotelier-maconnais.fr\/#\/schema\/logo\/image\/","url":"https:\/\/club-hotelier-maconnais.fr\/wp-content\/uploads\/2024\/01\/Logo-Club-Hotelier-Maconnais.jpg","contentUrl":"https:\/\/club-hotelier-maconnais.fr\/wp-content\/uploads\/2024\/01\/Logo-Club-Hotelier-Maconnais.jpg","width":400,"height":400,"caption":"Le Club H\u00f4telier M\u00e2connais"},"image":{"@id":"https:\/\/club-hotelier-maconnais.fr\/#\/schema\/logo\/image\/"}}]}},"_links":{"self":[{"href":"https:\/\/club-hotelier-maconnais.fr\/en\/wp-json\/wp\/v2\/pages\/2200","targetHints":{"allow":["GET"]}}],"collection":[{"href":"https:\/\/club-hotelier-maconnais.fr\/en\/wp-json\/wp\/v2\/pages"}],"about":[{"href":"https:\/\/club-hotelier-maconnais.fr\/en\/wp-json\/wp\/v2\/types\/page"}],"author":[{"embeddable":true,"href":"https:\/\/club-hotelier-maconnais.fr\/en\/wp-json\/wp\/v2\/users\/2"}],"replies":[{"embeddable":true,"href":"https:\/\/club-hotelier-maconnais.fr\/en\/wp-json\/wp\/v2\/comments?post=2200"}],"version-history":[{"count":2,"href":"https:\/\/club-hotelier-maconnais.fr\/en\/wp-json\/wp\/v2\/pages\/2200\/revisions"}],"predecessor-version":[{"id":2242,"href":"https:\/\/club-hotelier-maconnais.fr\/en\/wp-json\/wp\/v2\/pages\/2200\/revisions\/2242"}],"wp:featuredmedia":[{"embeddable":true,"href":"https:\/\/club-hotelier-maconnais.fr\/en\/wp-json\/wp\/v2\/media\/2144"}],"wp:attachment":[{"href":"https:\/\/club-hotelier-maconnais.fr\/en\/wp-json\/wp\/v2\/media?parent=2200"}],"curies":[{"name":"wp","href":"https:\/\/api.w.org\/{rel}","templated":true}]}}